{"id":19,"date":"2022-12-05T14:13:46","date_gmt":"2022-12-05T19:13:46","guid":{"rendered":"https:\/\/radyomunzur.com\/?page_id=19"},"modified":"2025-10-22T08:02:32","modified_gmt":"2025-10-22T05:02:32","slug":"hakkimizda","status":"publish","type":"page","link":"https:\/\/radyomunzur.com\/?page_id=19","title":{"rendered":"K\u00dcNYE"},"content":{"rendered":"\t\t<div data-elementor-type=\"wp-page\" data-elementor-id=\"19\" class=\"elementor elementor-19\" data-elementor-post-type=\"page\">\n\t\t\t\t\t\t<section class=\"elementor-section elementor-top-section elementor-element elementor-element-24295582 elementor-section-boxed elementor-section-height-default elementor-section-height-default wpr-particle-no wpr-jarallax-no wpr-parallax-no wpr-sticky-section-no wpr-equal-height-no\" data-id=\"24295582\" data-element_type=\"section\" data-e-type=\"section\">\n\t\t\t\t\t\t<div class=\"elementor-container elementor-column-gap-default\">\n\t\t\t\t\t<div class=\"elementor-column elementor-col-50 elementor-top-column elementor-element elementor-element-78e18d28\" data-id=\"78e18d28\" data-element_type=\"column\" data-e-type=\"column\" data-settings=\"{&quot;background_background&quot;:&quot;classic&quot;}\">\n\t\t\t<div class=\"elementor-widget-wrap elementor-element-populated\">\n\t\t\t\t\t\t<div class=\"elementor-element elementor-element-50a6d8b2 elementor-widget elementor-widget-html\" data-id=\"50a6d8b2\" data-element_type=\"widget\" data-e-type=\"widget\" data-widget_type=\"html.default\">\n\t\t\t\t<div class=\"elementor-widget-container\">\n\t\t\t\t\t<center> <audio controls autoplay>\n<source src=\"https:\/\/radyo.yayindakiler.com:3002\/stream\">\n<\/audio>\u00a0<\/center>\t\t\t\t<\/div>\n\t\t\t\t<\/div>\n\t\t\t\t\t<\/div>\n\t\t<\/div>\n\t\t\t\t<div class=\"elementor-column elementor-col-50 elementor-top-column elementor-element elementor-element-18e7060f\" data-id=\"18e7060f\" data-element_type=\"column\" data-e-type=\"column\" data-settings=\"{&quot;background_background&quot;:&quot;classic&quot;}\">\n\t\t\t<div class=\"elementor-widget-wrap elementor-element-populated\">\n\t\t\t\t\t\t<div class=\"elementor-element elementor-element-2a584b76 elementor-nav-menu__align-start elementor-nav-menu--dropdown-mobile elementor-nav-menu--stretch elementor-hidden-tablet elementor-hidden-mobile elementor-nav-menu__text-align-aside elementor-nav-menu--toggle elementor-nav-menu--burger elementor-widget elementor-widget-nav-menu\" data-id=\"2a584b76\" data-element_type=\"widget\" data-e-type=\"widget\" data-settings=\"{&quot;full_width&quot;:&quot;stretch&quot;,&quot;layout&quot;:&quot;horizontal&quot;,&quot;submenu_icon&quot;:{&quot;value&quot;:&quot;&lt;i class=\\&quot;fas fa-caret-down\\&quot; aria-hidden=\\&quot;true\\&quot;&gt;&lt;\\\/i&gt;&quot;,&quot;library&quot;:&quot;fa-solid&quot;},&quot;toggle&quot;:&quot;burger&quot;}\" data-widget_type=\"nav-menu.default\">\n\t\t\t\t<div class=\"elementor-widget-container\">\n\t\t\t\t\t\t\t\t<nav aria-label=\"Men\u00fc\" class=\"elementor-nav-menu--main elementor-nav-menu__container elementor-nav-menu--layout-horizontal e--pointer-none\">\n\t\t\t\t<ul id=\"menu-1-2a584b76\" class=\"elementor-nav-menu\"><li class=\"menu-item menu-item-type-post_type menu-item-object-page menu-item-home menu-item-2520\"><a href=\"https:\/\/radyomunzur.com\/\" class=\"elementor-item\">ANA SAYFA<\/a><\/li>\n<li class=\"menu-item menu-item-type-post_type menu-item-object-page menu-item-249\"><a href=\"https:\/\/radyomunzur.com\/?page_id=244\" class=\"elementor-item\">DERS\u0130M<\/a><\/li>\n<li class=\"menu-item menu-item-type-post_type menu-item-object-page menu-item-16\"><a href=\"https:\/\/radyomunzur.com\/?page_id=10\" class=\"elementor-item\">KIRMANCK\u00ce\/K\u00dcLT\u00dcR SANAT<\/a><\/li>\n<li class=\"menu-item menu-item-type-custom menu-item-object-custom menu-item-18\"><a href=\"https:\/\/www.youtube.com\/@radyomunzur4087\" class=\"elementor-item\">YOUTUBE<\/a><\/li>\n<li class=\"menu-item menu-item-type-post_type menu-item-object-page menu-item-720\"><a href=\"https:\/\/radyomunzur.com\/?page_id=19\" class=\"elementor-item\">K\u00dcNYE<\/a><\/li>\n<li class=\"menu-item menu-item-type-post_type menu-item-object-page menu-item-698\"><a href=\"https:\/\/radyomunzur.com\/?page_id=173\" class=\"elementor-item\">\u0130LET\u0130\u015e\u0130M<\/a><\/li>\n<\/ul>\t\t\t<\/nav>\n\t\t\t\t\t<div class=\"elementor-menu-toggle\" role=\"button\" tabindex=\"0\" aria-label=\"Menu Toggle\" aria-expanded=\"false\">\n\t\t\t<i aria-hidden=\"true\" role=\"presentation\" class=\"elementor-menu-toggle__icon--open eicon-menu-bar\"><\/i><i aria-hidden=\"true\" role=\"presentation\" class=\"elementor-menu-toggle__icon--close eicon-close\"><\/i>\t\t<\/div>\n\t\t\t\t\t<nav class=\"elementor-nav-menu--dropdown elementor-nav-menu__container\" aria-hidden=\"true\">\n\t\t\t\t<ul id=\"menu-2-2a584b76\" class=\"elementor-nav-menu\"><li class=\"menu-item menu-item-type-post_type menu-item-object-page menu-item-home menu-item-2520\"><a href=\"https:\/\/radyomunzur.com\/\" class=\"elementor-item\" tabindex=\"-1\">ANA SAYFA<\/a><\/li>\n<li class=\"menu-item menu-item-type-post_type menu-item-object-page menu-item-249\"><a href=\"https:\/\/radyomunzur.com\/?page_id=244\" class=\"elementor-item\" tabindex=\"-1\">DERS\u0130M<\/a><\/li>\n<li class=\"menu-item menu-item-type-post_type menu-item-object-page menu-item-16\"><a href=\"https:\/\/radyomunzur.com\/?page_id=10\" class=\"elementor-item\" tabindex=\"-1\">KIRMANCK\u00ce\/K\u00dcLT\u00dcR SANAT<\/a><\/li>\n<li class=\"menu-item menu-item-type-custom menu-item-object-custom menu-item-18\"><a href=\"https:\/\/www.youtube.com\/@radyomunzur4087\" class=\"elementor-item\" tabindex=\"-1\">YOUTUBE<\/a><\/li>\n<li class=\"menu-item menu-item-type-post_type menu-item-object-page menu-item-720\"><a href=\"https:\/\/radyomunzur.com\/?page_id=19\" class=\"elementor-item\" tabindex=\"-1\">K\u00dcNYE<\/a><\/li>\n<li class=\"menu-item menu-item-type-post_type menu-item-object-page menu-item-698\"><a href=\"https:\/\/radyomunzur.com\/?page_id=173\" class=\"elementor-item\" tabindex=\"-1\">\u0130LET\u0130\u015e\u0130M<\/a><\/li>\n<\/ul>\t\t\t<\/nav>\n\t\t\t\t\t\t<\/div>\n\t\t\t\t<\/div>\n\t\t\t\t<div class=\"elementor-element elementor-element-86ef039 wpr-pointer-line-fx wpr-pointer-fx-none wpr-mobile-menu-item-align-left elementor-hidden-desktop wpr-main-menu-align-left wpr-main-menu-align--tabletleft wpr-main-menu-align--mobileleft wpr-pointer-underline wpr-sub-icon-caret-down wpr-sub-menu-position-inline wpr-sub-menu-fx-fade wpr-nav-menu-bp-mobile wpr-mobile-menu-full-width wpr-sub-divider-yes wpr-mobile-divider-yes elementor-widget elementor-widget-wpr-nav-menu\" data-id=\"86ef039\" data-element_type=\"widget\" data-e-type=\"widget\" data-settings=\"{&quot;menu_layout&quot;:&quot;vertical&quot;}\" data-widget_type=\"wpr-nav-menu.default\">\n\t\t\t\t<div class=\"elementor-widget-container\">\n\t\t\t\t\t<nav class=\"wpr-nav-menu-container wpr-nav-menu-horizontal\" data-trigger=\"hover\" data-consider-header=\"\" data-scroll-speed=\"500\"><ul id=\"menu-1-86ef039\" class=\"wpr-nav-menu\"><li class=\"menu-item menu-item-type-post_type menu-item-object-page menu-item-home menu-item-2520\"><a href=\"https:\/\/radyomunzur.com\/\" class=\"wpr-menu-item wpr-pointer-item\">ANA SAYFA<\/a><\/li>\n<li class=\"menu-item menu-item-type-post_type menu-item-object-page menu-item-249\"><a href=\"https:\/\/radyomunzur.com\/?page_id=244\" class=\"wpr-menu-item wpr-pointer-item\">DERS\u0130M<\/a><\/li>\n<li class=\"menu-item menu-item-type-post_type menu-item-object-page menu-item-16\"><a href=\"https:\/\/radyomunzur.com\/?page_id=10\" class=\"wpr-menu-item wpr-pointer-item\">KIRMANCK\u00ce\/K\u00dcLT\u00dcR SANAT<\/a><\/li>\n<li class=\"menu-item menu-item-type-custom menu-item-object-custom menu-item-18\"><a href=\"https:\/\/www.youtube.com\/@radyomunzur4087\" class=\"wpr-menu-item wpr-pointer-item\">YOUTUBE<\/a><\/li>\n<li class=\"menu-item menu-item-type-post_type menu-item-object-page menu-item-720\"><a href=\"https:\/\/radyomunzur.com\/?page_id=19\" class=\"wpr-menu-item wpr-pointer-item\">K\u00dcNYE<\/a><\/li>\n<li class=\"menu-item menu-item-type-post_type menu-item-object-page menu-item-698\"><a href=\"https:\/\/radyomunzur.com\/?page_id=173\" class=\"wpr-menu-item wpr-pointer-item\">\u0130LET\u0130\u015e\u0130M<\/a><\/li>\n<\/ul><\/nav><nav class=\"wpr-mobile-nav-menu-container\"><div class=\"wpr-mobile-toggle-wrap\"><div class=\"wpr-mobile-toggle\"><span class=\"wpr-mobile-toggle-line\"><\/span><span class=\"wpr-mobile-toggle-line\"><\/span><span class=\"wpr-mobile-toggle-line\"><\/span><\/div><\/div><ul id=\"mobile-menu-2-86ef039\" class=\"wpr-mobile-nav-menu\"><li class=\"menu-item menu-item-type-post_type menu-item-object-page menu-item-home menu-item-2520\"><a href=\"https:\/\/radyomunzur.com\/\" class=\"wpr-mobile-menu-item\">ANA SAYFA<\/a><\/li>\n<li class=\"menu-item menu-item-type-post_type menu-item-object-page menu-item-249\"><a href=\"https:\/\/radyomunzur.com\/?page_id=244\" class=\"wpr-mobile-menu-item\">DERS\u0130M<\/a><\/li>\n<li class=\"menu-item menu-item-type-post_type menu-item-object-page menu-item-16\"><a href=\"https:\/\/radyomunzur.com\/?page_id=10\" class=\"wpr-mobile-menu-item\">KIRMANCK\u00ce\/K\u00dcLT\u00dcR SANAT<\/a><\/li>\n<li class=\"menu-item menu-item-type-custom menu-item-object-custom menu-item-18\"><a href=\"https:\/\/www.youtube.com\/@radyomunzur4087\" class=\"wpr-mobile-menu-item\">YOUTUBE<\/a><\/li>\n<li class=\"menu-item menu-item-type-post_type menu-item-object-page menu-item-720\"><a href=\"https:\/\/radyomunzur.com\/?page_id=19\" class=\"wpr-mobile-menu-item\">K\u00dcNYE<\/a><\/li>\n<li class=\"menu-item menu-item-type-post_type menu-item-object-page menu-item-698\"><a href=\"https:\/\/radyomunzur.com\/?page_id=173\" class=\"wpr-mobile-menu-item\">\u0130LET\u0130\u015e\u0130M<\/a><\/li>\n<\/ul><\/nav>\t\t\t\t<\/div>\n\t\t\t\t<\/div>\n\t\t\t\t\t<\/div>\n\t\t<\/div>\n\t\t\t\t\t<\/div>\n\t\t<\/section>\n\t\t\t\t<section class=\"elementor-section elementor-top-section elementor-element elementor-element-1a23951 elementor-section-boxed elementor-section-height-default elementor-section-height-default wpr-particle-no wpr-jarallax-no wpr-parallax-no wpr-sticky-section-no wpr-equal-height-no\" data-id=\"1a23951\" data-element_type=\"section\" data-e-type=\"section\">\n\t\t\t\t\t\t<div class=\"elementor-container elementor-column-gap-default\">\n\t\t\t\t\t<div class=\"elementor-column elementor-col-14 elementor-top-column elementor-element elementor-element-1d5269a6\" data-id=\"1d5269a6\" data-element_type=\"column\" data-e-type=\"column\" data-settings=\"{&quot;background_background&quot;:&quot;classic&quot;}\">\n\t\t\t<div class=\"elementor-widget-wrap\">\n\t\t\t\t\t\t\t<\/div>\n\t\t<\/div>\n\t\t\t\t<div class=\"elementor-column elementor-col-14 elementor-top-column elementor-element elementor-element-545b928e\" data-id=\"545b928e\" data-element_type=\"column\" data-e-type=\"column\" data-settings=\"{&quot;background_background&quot;:&quot;classic&quot;}\">\n\t\t\t<div class=\"elementor-widget-wrap\">\n\t\t\t\t\t\t\t<\/div>\n\t\t<\/div>\n\t\t\t\t<div class=\"elementor-column elementor-col-14 elementor-top-column elementor-element elementor-element-2463c03e\" data-id=\"2463c03e\" data-element_type=\"column\" data-e-type=\"column\" data-settings=\"{&quot;background_background&quot;:&quot;classic&quot;}\">\n\t\t\t<div class=\"elementor-widget-wrap elementor-element-populated\">\n\t\t\t\t\t\t<div class=\"elementor-element elementor-element-72b9b166 elementor-widget elementor-widget-heading\" data-id=\"72b9b166\" data-element_type=\"widget\" data-e-type=\"widget\" data-widget_type=\"heading.default\">\n\t\t\t\t<div class=\"elementor-widget-container\">\n\t\t\t\t\t<h2 class=\"elementor-heading-title elementor-size-default\">(0428) 212 11 77<\/h2>\t\t\t\t<\/div>\n\t\t\t\t<\/div>\n\t\t\t\t\t<\/div>\n\t\t<\/div>\n\t\t\t\t<div class=\"elementor-column elementor-col-14 elementor-top-column elementor-element elementor-element-7deecbda\" data-id=\"7deecbda\" data-element_type=\"column\" data-e-type=\"column\" data-settings=\"{&quot;background_background&quot;:&quot;classic&quot;}\">\n\t\t\t<div class=\"elementor-widget-wrap\">\n\t\t\t\t\t\t\t<\/div>\n\t\t<\/div>\n\t\t\t\t<div class=\"elementor-column elementor-col-14 elementor-top-column elementor-element elementor-element-1d90f30b\" data-id=\"1d90f30b\" data-element_type=\"column\" data-e-type=\"column\" data-settings=\"{&quot;background_background&quot;:&quot;classic&quot;}\">\n\t\t\t<div class=\"elementor-widget-wrap elementor-element-populated\">\n\t\t\t\t\t\t<div class=\"elementor-element elementor-element-45f967b4 elementor-widget elementor-widget-image\" data-id=\"45f967b4\" data-element_type=\"widget\" data-e-type=\"widget\" data-widget_type=\"image.default\">\n\t\t\t\t<div class=\"elementor-widget-container\">\n\t\t\t\t\t\t\t\t\t\t\t\t\t\t\t\t<a href=\"https:\/\/play.google.com\/store\/apps\/details?id=com.radyomunzur.lhmobil&#038;hl=tr\">\n\t\t\t\t\t\t\t<img decoding=\"async\" width=\"380\" height=\"121\" src=\"https:\/\/radyomunzur.com\/wp-content\/uploads\/2024\/12\/3.png\" class=\"attachment-large size-large wp-image-2510\" alt=\"\" \/>\t\t\t\t\t\t\t\t<\/a>\n\t\t\t\t\t\t\t\t\t\t\t\t\t\t\t<\/div>\n\t\t\t\t<\/div>\n\t\t\t\t\t<\/div>\n\t\t<\/div>\n\t\t\t\t<div class=\"elementor-column elementor-col-14 elementor-top-column elementor-element elementor-element-5e11d15\" data-id=\"5e11d15\" data-element_type=\"column\" data-e-type=\"column\" data-settings=\"{&quot;background_background&quot;:&quot;classic&quot;}\">\n\t\t\t<div class=\"elementor-widget-wrap elementor-element-populated\">\n\t\t\t\t\t\t<div class=\"elementor-element elementor-element-5c885a3b elementor-widget elementor-widget-image\" data-id=\"5c885a3b\" data-element_type=\"widget\" data-e-type=\"widget\" data-widget_type=\"image.default\">\n\t\t\t\t<div class=\"elementor-widget-container\">\n\t\t\t\t\t\t\t\t\t\t\t\t\t\t\t\t<a href=\"https:\/\/apps.apple.com\/us\/app\/radyo-munzur\/id6475044924\">\n\t\t\t\t\t\t\t<img decoding=\"async\" width=\"380\" height=\"121\" src=\"https:\/\/radyomunzur.com\/wp-content\/uploads\/2024\/12\/2.png\" class=\"attachment-large size-large wp-image-2511\" alt=\"\" \/>\t\t\t\t\t\t\t\t<\/a>\n\t\t\t\t\t\t\t\t\t\t\t\t\t\t\t<\/div>\n\t\t\t\t<\/div>\n\t\t\t\t\t<\/div>\n\t\t<\/div>\n\t\t\t\t<div class=\"elementor-column elementor-col-14 elementor-top-column elementor-element elementor-element-38f56687\" data-id=\"38f56687\" data-element_type=\"column\" data-e-type=\"column\" data-settings=\"{&quot;background_background&quot;:&quot;classic&quot;}\">\n\t\t\t<div class=\"elementor-widget-wrap\">\n\t\t\t\t\t\t\t<\/div>\n\t\t<\/div>\n\t\t\t\t\t<\/div>\n\t\t<\/section>\n\t\t\t\t<section class=\"elementor-section elementor-top-section elementor-element elementor-element-1534170 elementor-section-boxed elementor-section-height-default elementor-section-height-default wpr-particle-no wpr-jarallax-no wpr-parallax-no wpr-sticky-section-no wpr-equal-height-no\" data-id=\"1534170\" data-element_type=\"section\" data-e-type=\"section\">\n\t\t\t\t\t\t<div class=\"elementor-container elementor-column-gap-default\">\n\t\t\t\t\t<div class=\"elementor-column elementor-col-100 elementor-top-column elementor-element elementor-element-988a177\" data-id=\"988a177\" data-element_type=\"column\" data-e-type=\"column\">\n\t\t\t<div class=\"elementor-widget-wrap elementor-element-populated\">\n\t\t\t\t\t\t<div class=\"elementor-element elementor-element-ff36688 elementor-widget elementor-widget-text-editor\" data-id=\"ff36688\" data-element_type=\"widget\" data-e-type=\"widget\" data-widget_type=\"text-editor.default\">\n\t\t\t\t<div class=\"elementor-widget-container\">\n\t\t\t\t\t\t\t\t\t<h5><strong>\u015eirket Bilgileri:<\/strong><\/h5><h5><strong>Unvan: Dersim Munzur Radyo Yap\u0131m\u00a0 Reklam ve Yay\u0131nc\u0131l\u0131k \u015eirketi<\/strong><\/h5><h5>\u00c7a\u011fr\u0131 \u0130\u015fareti: Radyo Munzur<\/h5><h5>Yay\u0131n Ortam\u0131:Karasal Ortam<\/h5><h5>Lisans Tipi: R3<\/h5><h5>Yay\u0131n T\u00fcr\u00fc: Genel<\/h5><h5>Genel &#8211; Sorumlu M\u00fcd\u00fcr, \u0130zleyici Temsilcisi:Sevgi Atalay<\/h5><h5>Yaz\u0131\u015fma Adresi: <span class=\"x193iq5w xeuugli x13faqbe x1vvkbs x1xmvt09 x1lliihq x1s928wv xhkezso x1gmr53x x1cpjm7i x1fgarty x1943h6x xudqn12 x3x7a5m x6prxxf xvq8zen xo1l8bm xzsf02u\" dir=\"auto\">Mo\u011fultay mah,\u015eenlik Sokak\u00a0 Baran Deniz \u0130\u015f Merkezi Kat 3\u00a0 Tunceli<\/span><\/h5><h5>\u0130nternet yay\u0131nlar\u0131m\u0131z i\u00e7in URL adreslerimiz: www.radyomunzur.com<\/h5><h5>Yay\u0131n\u0131m\u0131z\u0131n iletildi\u011fi ba\u015fka bir platform: YOKTUR<\/h5><h5>UETS:<\/h5><h5>Telefon: 0531 201 12 07<\/h5><h5>Sabit Telefon Numaras\u0131: (0428) 212 11 77<\/h5><h5>Kep:dersimradyo@hs01.kep.tr<\/h5><h5>\u0130nternet Adresi: www.radyomunzur.com<\/h5><h5>E -Mail: radyomunzurreklam@gmail.com<\/h5>\t\t\t\t\t\t\t\t<\/div>\n\t\t\t\t<\/div>\n\t\t\t\t\t<\/div>\n\t\t<\/div>\n\t\t\t\t\t<\/div>\n\t\t<\/section>\n\t\t\t\t<section class=\"elementor-section elementor-top-section elementor-element elementor-element-e09c050 elementor-section-boxed elementor-section-height-default elementor-section-height-default wpr-particle-no wpr-jarallax-no wpr-parallax-no wpr-sticky-section-no wpr-equal-height-no\" data-id=\"e09c050\" data-element_type=\"section\" data-e-type=\"section\">\n\t\t\t\t\t\t<div class=\"elementor-container elementor-column-gap-default\">\n\t\t\t\t\t<div class=\"elementor-column elementor-col-100 elementor-top-column elementor-element elementor-element-882143b\" data-id=\"882143b\" data-element_type=\"column\" data-e-type=\"column\">\n\t\t\t<div class=\"elementor-widget-wrap\">\n\t\t\t\t\t\t\t<\/div>\n\t\t<\/div>\n\t\t\t\t\t<\/div>\n\t\t<\/section>\n\t\t\t\t<\/div>\n\t\t","protected":false},"excerpt":{"rendered":"<p>\u00a0 ANA SAYFA DERS\u0130M KIRMANCK\u00ce\/K\u00dcLT\u00dcR SANAT YOUTUBE K\u00dcNYE \u0130LET\u0130\u015e\u0130M MenuMen\u00fc ANA SAYFA DERS\u0130M KIRMANCK\u00ce\/K\u00dcLT\u00dcR SANAT YOUTUBE K\u00dcNYE \u0130LET\u0130\u015e\u0130M (0428) 212 11 77 \u015eirket Bilgileri: Unvan: Dersim Munzur Radyo Yap\u0131m\u00a0 Reklam ve Yay\u0131nc\u0131l\u0131k \u015eirketi \u00c7a\u011fr\u0131 \u0130\u015fareti: Radyo Munzur Yay\u0131n Ortam\u0131:Karasal Ortam Lisans Tipi: R3 Yay\u0131n T\u00fcr\u00fc: Genel Genel &#8211; Sorumlu M\u00fcd\u00fcr, \u0130zleyici Temsilcisi:Sevgi Atalay Yaz\u0131\u015fma Adresi: Mo\u011fultay mah,\u015eenlik Sokak\u00a0 Baran Deniz \u0130\u015f Merkezi Kat 3\u00a0 Tunceli \u0130nternet yay\u0131nlar\u0131m\u0131z i\u00e7in URL adreslerimiz: www.radyomunzur.com Yay\u0131n\u0131m\u0131z\u0131n iletildi\u011fi ba\u015fka bir platform: YOKTUR UETS: Telefon: 0531 201 12 07 Sabit Telefon Numaras\u0131: (0428) 212 11 77 Kep:dersimradyo@hs01.kep.tr \u0130nternet Adresi: www.radyomunzur.com E -Mail: radyomunzurreklam@gmail.com<\/p>\n","protected":false},"author":2,"featured_media":0,"parent":0,"menu_order":0,"comment_status":"closed","ping_status":"closed","template":"","meta":{"_joinchat":[],"footnotes":""},"class_list":["post-19","page","type-page","status-publish","hentry"],"acf":[],"_links":{"self":[{"href":"https:\/\/radyomunzur.com\/index.php?rest_route=\/wp\/v2\/pages\/19","targetHints":{"allow":["GET"]}}],"collection":[{"href":"https:\/\/radyomunzur.com\/index.php?rest_route=\/wp\/v2\/pages"}],"about":[{"href":"https:\/\/radyomunzur.com\/index.php?rest_route=\/wp\/v2\/types\/page"}],"author":[{"embeddable":true,"href":"https:\/\/radyomunzur.com\/index.php?rest_route=\/wp\/v2\/users\/2"}],"replies":[{"embeddable":true,"href":"https:\/\/radyomunzur.com\/index.php?rest_route=%2Fwp%2Fv2%2Fcomments&post=19"}],"version-history":[{"count":3,"href":"https:\/\/radyomunzur.com\/index.php?rest_route=\/wp\/v2\/pages\/19\/revisions"}],"predecessor-version":[{"id":3038,"href":"https:\/\/radyomunzur.com\/index.php?rest_route=\/wp\/v2\/pages\/19\/revisions\/3038"}],"wp:attachment":[{"href":"https:\/\/radyomunzur.com\/index.php?rest_route=%2Fwp%2Fv2%2Fmedia&parent=19"}],"curies":[{"name":"wp","href":"https:\/\/api.w.org\/{rel}","templated":true}]}}